{"id":82,"date":"2016-11-24T21:11:24","date_gmt":"2016-11-24T20:11:24","guid":{"rendered":"https:\/\/late-night.rocks\/?page_id=82"},"modified":"2017-08-24T11:34:28","modified_gmt":"2017-08-24T10:34:28","slug":"nina","status":"publish","type":"page","link":"https:\/\/late-night.rocks\/?page_id=82","title":{"rendered":"Nina"},"content":{"rendered":"<p><img loading=\"lazy\" decoding=\"async\" class=\"size-medium wp-image-84 alignright\" src=\"https:\/\/late-night.rocks\/wp-content\/uploads\/2016\/11\/nina-200x300.jpg\" alt=\"nina\" width=\"200\" height=\"300\" srcset=\"https:\/\/late-night.rocks\/wp-content\/uploads\/2016\/11\/nina-200x300.jpg 200w, https:\/\/late-night.rocks\/wp-content\/uploads\/2016\/11\/nina-683x1024.jpg 683w, https:\/\/late-night.rocks\/wp-content\/uploads\/2016\/11\/nina.jpg 720w\" sizes=\"auto, (max-width: 200px) 100vw, 200px\" \/>Nina hat im Kinderchor angefangen zu singen und hat dort die Musik (wenn auch in einer etwas anderen Art \ud83d\ude09 ) lieben gelernt. Nach Jugendchor, Orgelunterricht und Backgrounds\u00e4ngerinnen-Zeiten, hat sie sich so langsam an die Front gewagt.<\/p>\n<p><img loading=\"lazy\" decoding=\"async\" class=\"alignleft wp-image-131 size-medium\" src=\"https:\/\/late-night.rocks\/wp-content\/uploads\/2016\/12\/nina_live-200x300.jpg\" alt=\"\" width=\"200\" height=\"300\" srcset=\"https:\/\/late-night.rocks\/wp-content\/uploads\/2016\/12\/nina_live-200x300.jpg 200w, https:\/\/late-night.rocks\/wp-content\/uploads\/2016\/12\/nina_live-683x1024.jpg 683w, https:\/\/late-night.rocks\/wp-content\/uploads\/2016\/12\/nina_live.jpg 720w\" sizes=\"auto, (max-width: 200px) 100vw, 200px\" \/>Sie genie\u00dft schon lange die Rockmusik, ist jedoch erst sehr sp\u00e4t selbst in diesem Genre aktiv geworden. Vorher hat sie ihre Gesangesk\u00fcnste in diversen Party- und Oktoberfestbands zum Besten gegeben.<\/p>\n<p>Weil sie so gerne mit Joni Musik macht, ist sie auch bei Late Night wieder mit Herz und Stimme dabei.<\/p>\n<p>Beruflich ist Nina in der Personalabteilung t\u00e4tig und genie\u00dft ihre sonstige Freizeit am liebsten mit ihrer Familie.<img loading=\"lazy\" decoding=\"async\" class=\"aligncenter size-large wp-image-247\" src=\"https:\/\/late-night.rocks\/wp-content\/uploads\/2017\/07\/photo5454362807131809939-1024x682.jpg\" alt=\"\" width=\"840\" height=\"559\" srcset=\"https:\/\/late-night.rocks\/wp-content\/uploads\/2017\/07\/photo5454362807131809939-1024x682.jpg 1024w, https:\/\/late-night.rocks\/wp-content\/uploads\/2017\/07\/photo5454362807131809939-300x200.jpg 300w, https:\/\/late-night.rocks\/wp-content\/uploads\/2017\/07\/photo5454362807131809939-768x512.jpg 768w, https:\/\/late-night.rocks\/wp-content\/uploads\/2017\/07\/photo5454362807131809939-1200x800.jpg 1200w, https:\/\/late-night.rocks\/wp-content\/uploads\/2017\/07\/photo5454362807131809939.jpg 1280w\" sizes=\"auto, (max-width: 840px) 100vw, 840px\" \/><\/p>\n<p><img loading=\"lazy\" decoding=\"async\" class=\"aligncenter size-large wp-image-281\" src=\"https:\/\/late-night.rocks\/wp-content\/uploads\/2017\/08\/ASF_Sesslach_10716-xx-1024x683.jpg\" alt=\"\" width=\"840\" height=\"560\" srcset=\"https:\/\/late-night.rocks\/wp-content\/uploads\/2017\/08\/ASF_Sesslach_10716-xx-1024x683.jpg 1024w, https:\/\/late-night.rocks\/wp-content\/uploads\/2017\/08\/ASF_Sesslach_10716-xx-300x200.jpg 300w, https:\/\/late-night.rocks\/wp-content\/uploads\/2017\/08\/ASF_Sesslach_10716-xx-768x512.jpg 768w, https:\/\/late-night.rocks\/wp-content\/uploads\/2017\/08\/ASF_Sesslach_10716-xx-1200x800.jpg 1200w, https:\/\/late-night.rocks\/wp-content\/uploads\/2017\/08\/ASF_Sesslach_10716-xx.jpg 1920w\" sizes=\"auto, (max-width: 840px) 100vw, 840px\" \/><\/p>\n","protected":false},"excerpt":{"rendered":"<p>Nina hat im Kinderchor angefangen zu singen und hat dort die Musik (wenn auch in einer etwas anderen Art \ud83d\ude09 ) lieben<\/p>\n<p class=\"link-more\"><a class=\"myButt \" href=\"https:\/\/late-night.rocks\/?page_id=82\">Read More<\/a><\/p>\n","protected":false},"author":1,"featured_media":0,"parent":15,"menu_order":0,"comment_status":"closed","ping_status":"closed","template":"","meta":{"footnotes":""},"class_list":["post-82","page","type-page","status-publish","hentry"],"_links":{"self":[{"href":"https:\/\/late-night.rocks\/index.php?rest_route=\/wp\/v2\/pages\/82","targetHints":{"allow":["GET"]}}],"collection":[{"href":"https:\/\/late-night.rocks\/index.php?rest_route=\/wp\/v2\/pages"}],"about":[{"href":"https:\/\/late-night.rocks\/index.php?rest_route=\/wp\/v2\/types\/page"}],"author":[{"embeddable":true,"href":"https:\/\/late-night.rocks\/index.php?rest_route=\/wp\/v2\/users\/1"}],"replies":[{"embeddable":true,"href":"https:\/\/late-night.rocks\/index.php?rest_route=%2Fwp%2Fv2%2Fcomments&post=82"}],"version-history":[{"count":7,"href":"https:\/\/late-night.rocks\/index.php?rest_route=\/wp\/v2\/pages\/82\/revisions"}],"predecessor-version":[{"id":284,"href":"https:\/\/late-night.rocks\/index.php?rest_route=\/wp\/v2\/pages\/82\/revisions\/284"}],"up":[{"embeddable":true,"href":"https:\/\/late-night.rocks\/index.php?rest_route=\/wp\/v2\/pages\/15"}],"wp:attachment":[{"href":"https:\/\/late-night.rocks\/index.php?rest_route=%2Fwp%2Fv2%2Fmedia&parent=82"}],"curies":[{"name":"wp","href":"https:\/\/api.w.org\/{rel}","templated":true}]}}