{"id":472,"date":"2023-09-15T20:41:15","date_gmt":"2023-09-15T18:41:15","guid":{"rendered":"https:\/\/late-night.rocks\/?page_id=472"},"modified":"2023-09-15T21:35:28","modified_gmt":"2023-09-15T19:35:28","slug":"startseite","status":"publish","type":"page","link":"https:\/\/late-night.rocks\/","title":{"rendered":""},"content":{"rendered":"\n<p>Wir sind eine Cover Band aus dem Raum Ebern (Unterfranken) die sich haupts\u00e4chlich der Rockmusik verschrieben hat.<\/p>\n\n\n\n<p>Unser Programm umfasst die beste Rockmusik der 70er bis 90er Jahre. Wir spielen von AC\/DC bis (Led) Zeppelin alles, was das Rockerherz begehrt. Insbesondere auch anspruchsvollere Sachen von Toto, Van Halen oder Genesis haben wir im Programm, so dass auch die richtigen Musikliebhaber nicht zu kurz kommen. F\u00fcr die Fans deutscher Sprache, haben wir auch einen kleinen Deutschrock Block dabei: BAP, Spider Murphy Gang, Heinz-Rudolph Kunze, Pur, Die Toten Hosen und Westernhagen sorgen bei jedem Publikum f\u00fcr die beste Stimmung.\u00a0<\/p>\n\n\n\n<p>F\u00fcr kleinere Locations oder Privatfeiern haben wir ein passendes Unplugged Programm bei dem wir die besten Songs aus unserem regul\u00e4ren Set, sowie viele Unplugged Specials zum Besten geben.<\/p>\n\n\n\n<p>Nicht nur musikalisch, auch technisch haben wir f\u00fcr jede Art und Gr\u00f6\u00dfe von Veranstaltung ein passendes Angebot. PAs in allen Gr\u00f6\u00dfen, die passende Lichtshow f\u00fcr jede B\u00fchne und sogar B\u00fchnenanh\u00e4nger stellt unser vertrauensvoller und professioneller Partner aus der Veranstaltungstechnik zur Verf\u00fcgung.<\/p>\n\n\n\n<p>Wir freuen uns schon euch bei unserem n\u00e4chsten Auftritt zu sehen. Feiert und rockt mit uns!<\/p>\n\n\n\n<p>Eure Late Nighter<\/p>\n","protected":false},"excerpt":{"rendered":"<p>Wir sind eine Cover Band aus dem Raum Ebern (Unterfranken) die sich haupts\u00e4chlich der Rockmusik verschrieben hat. Unser Programm umfasst die beste<\/p>\n<p class=\"link-more\"><a class=\"myButt \" href=\"https:\/\/late-night.rocks\/\">Read More<\/a><\/p>\n","protected":false},"author":1,"featured_media":0,"parent":0,"menu_order":0,"comment_status":"closed","ping_status":"closed","template":"","meta":{"footnotes":""},"class_list":["post-472","page","type-page","status-publish","hentry"],"_links":{"self":[{"href":"https:\/\/late-night.rocks\/index.php?rest_route=\/wp\/v2\/pages\/472","targetHints":{"allow":["GET"]}}],"collection":[{"href":"https:\/\/late-night.rocks\/index.php?rest_route=\/wp\/v2\/pages"}],"about":[{"href":"https:\/\/late-night.rocks\/index.php?rest_route=\/wp\/v2\/types\/page"}],"author":[{"embeddable":true,"href":"https:\/\/late-night.rocks\/index.php?rest_route=\/wp\/v2\/users\/1"}],"replies":[{"embeddable":true,"href":"https:\/\/late-night.rocks\/index.php?rest_route=%2Fwp%2Fv2%2Fcomments&post=472"}],"version-history":[{"count":4,"href":"https:\/\/late-night.rocks\/index.php?rest_route=\/wp\/v2\/pages\/472\/revisions"}],"predecessor-version":[{"id":492,"href":"https:\/\/late-night.rocks\/index.php?rest_route=\/wp\/v2\/pages\/472\/revisions\/492"}],"wp:attachment":[{"href":"https:\/\/late-night.rocks\/index.php?rest_route=%2Fwp%2Fv2%2Fmedia&parent=472"}],"curies":[{"name":"wp","href":"https:\/\/api.w.org\/{rel}","templated":true}]}}