{"id":23,"date":"2016-11-16T14:42:48","date_gmt":"2016-11-16T13:42:48","guid":{"rendered":"http:\/\/late-night.rocks\/?page_id=23"},"modified":"2017-07-26T11:52:10","modified_gmt":"2017-07-26T10:52:10","slug":"kontakt","status":"publish","type":"page","link":"https:\/\/late-night.rocks\/?page_id=23","title":{"rendered":"Kontakt"},"content":{"rendered":"<p>Wer Kontakt zu uns aufnehmen m\u00f6chte schreibt bitte eine E-Mail an <a href=\"mailto:booking@late-night.rocks\">booking@late-night.rocks<\/a> &#8230;<\/p>\n<p>Wenn ihr dann auf eine Antwort von uns wartet, kontrolliert auch bitte regelm\u00e4\u00dfig euren Spamordner, nicht dass ihr denkt, wir antworten nicht, obwohl uns euer Spamfilter aussortiert hat. Eine erste R\u00fcckmeldung gibts von uns in der Regel innerhalb von 1-2 Tagen, wenn wir nicht gerade im Urlaub sind \ud83d\ude09<\/p>\n","protected":false},"excerpt":{"rendered":"<p>Wer Kontakt zu uns aufnehmen m\u00f6chte schreibt bitte eine E-Mail an booking@late-night.rocks &#8230; Wenn ihr dann auf eine Antwort von uns wartet,<\/p>\n<p class=\"link-more\"><a class=\"myButt \" href=\"https:\/\/late-night.rocks\/?page_id=23\">Read More<\/a><\/p>\n","protected":false},"author":1,"featured_media":0,"parent":0,"menu_order":0,"comment_status":"closed","ping_status":"closed","template":"","meta":{"footnotes":""},"class_list":["post-23","page","type-page","status-publish","hentry"],"_links":{"self":[{"href":"https:\/\/late-night.rocks\/index.php?rest_route=\/wp\/v2\/pages\/23","targetHints":{"allow":["GET"]}}],"collection":[{"href":"https:\/\/late-night.rocks\/index.php?rest_route=\/wp\/v2\/pages"}],"about":[{"href":"https:\/\/late-night.rocks\/index.php?rest_route=\/wp\/v2\/types\/page"}],"author":[{"embeddable":true,"href":"https:\/\/late-night.rocks\/index.php?rest_route=\/wp\/v2\/users\/1"}],"replies":[{"embeddable":true,"href":"https:\/\/late-night.rocks\/index.php?rest_route=%2Fwp%2Fv2%2Fcomments&post=23"}],"version-history":[{"count":6,"href":"https:\/\/late-night.rocks\/index.php?rest_route=\/wp\/v2\/pages\/23\/revisions"}],"predecessor-version":[{"id":269,"href":"https:\/\/late-night.rocks\/index.php?rest_route=\/wp\/v2\/pages\/23\/revisions\/269"}],"wp:attachment":[{"href":"https:\/\/late-night.rocks\/index.php?rest_route=%2Fwp%2Fv2%2Fmedia&parent=23"}],"curies":[{"name":"wp","href":"https:\/\/api.w.org\/{rel}","templated":true}]}}