{"id":133,"date":"2016-12-02T00:26:22","date_gmt":"2016-12-01T23:26:22","guid":{"rendered":"https:\/\/late-night.rocks\/?page_id=133"},"modified":"2017-07-24T22:59:24","modified_gmt":"2017-07-24T21:59:24","slug":"david","status":"publish","type":"page","link":"https:\/\/late-night.rocks\/?page_id=133","title":{"rendered":"David"},"content":{"rendered":"<p><span style=\"font-family: Helvetica,sans-serif;\"><span style=\"font-size: large;\"><img loading=\"lazy\" decoding=\"async\" class=\"alignright size-medium wp-image-126\" src=\"https:\/\/late-night.rocks\/wp-content\/uploads\/2016\/12\/david-200x300.jpg\" alt=\"david\" width=\"200\" height=\"300\" srcset=\"https:\/\/late-night.rocks\/wp-content\/uploads\/2016\/12\/david-200x300.jpg 200w, https:\/\/late-night.rocks\/wp-content\/uploads\/2016\/12\/david-683x1024.jpg 683w, https:\/\/late-night.rocks\/wp-content\/uploads\/2016\/12\/david.jpg 720w\" sizes=\"auto, (max-width: 200px) 100vw, 200px\" \/><\/span><\/span><span style=\"font-family: Helvetica,sans-serif;\"><span style=\"font-size: large;\">David musiziert seit seinem f\u00fcnften Lebensjahr. Erst kam das Klavier und drei Jahre darauf dann der Trompetenunterricht dazu. Erst sp\u00e4ter im jugendlichen Alter kam pl\u00f6tzlich das Interesse an tiefere Frequenzen, und so folgte dann der E-Bass ganz schnell. <\/span><\/span><\/p>\n<p><span style=\"font-family: Helvetica,sans-serif;\"><span style=\"font-size: large;\">In seiner ersten Rockband Late Night spielt David on Stage haupts\u00e4chlich den E-Bass , aber auch gelegentlich mal den Basssynthesizer von Clavia (wenn es denn die Setlist hergibt). Er verwendet hierf\u00fcr 5-Saiter E-B\u00e4sse der Marke Esp und Ibanez. Effektger\u00e4te und Zubeh\u00f6r kommen haupts\u00e4chlich von der Marke Boss, Bugera und Cordial.<\/span><\/span><\/p>\n<p><span style=\"font-family: Helvetica,sans-serif;\"><span style=\"font-size: large;\"><img loading=\"lazy\" decoding=\"async\" class=\"alignleft size-medium wp-image-127\" src=\"https:\/\/late-night.rocks\/wp-content\/uploads\/2016\/12\/david_live-205x300.jpeg\" alt=\"david_live\" width=\"205\" height=\"300\" srcset=\"https:\/\/late-night.rocks\/wp-content\/uploads\/2016\/12\/david_live-205x300.jpeg 205w, https:\/\/late-night.rocks\/wp-content\/uploads\/2016\/12\/david_live-699x1024.jpeg 699w, https:\/\/late-night.rocks\/wp-content\/uploads\/2016\/12\/david_live.jpeg 737w\" sizes=\"auto, (max-width: 205px) 100vw, 205px\" \/>Neben Late Night spielt David E-Bass und Trompete in der Stimmungsband\/Blaskapelle \u201eDie Leuzendorfer\u201c, mit denen er im Prinzip auch aufgewachsen ist. Nebenher hat David auch noch \u00f6fters kleinere Projekte, wo er auch mal am Klavier\/Synthesizer sitzt und ist engagiert f\u00fcr jegliche Aktivit\u00e4ten und Sp\u00e4\u00dfe, wenn es um Musik geht. Beruflich arbeitet David als Industriemechaniker in der Instandhaltung in K\u00f6nigsberg und nebenher bringt er als Veranstaltungstechniker noch ab und zu mal das Helle ins Dunkle.<img loading=\"lazy\" decoding=\"async\" class=\"aligncenter size-large wp-image-244\" src=\"https:\/\/late-night.rocks\/wp-content\/uploads\/2017\/07\/LN_Asf_Ebern_11696-683x1024.jpg\" alt=\"\" width=\"683\" height=\"1024\" srcset=\"https:\/\/late-night.rocks\/wp-content\/uploads\/2017\/07\/LN_Asf_Ebern_11696-683x1024.jpg 683w, https:\/\/late-night.rocks\/wp-content\/uploads\/2017\/07\/LN_Asf_Ebern_11696-200x300.jpg 200w, https:\/\/late-night.rocks\/wp-content\/uploads\/2017\/07\/LN_Asf_Ebern_11696-768x1152.jpg 768w, https:\/\/late-night.rocks\/wp-content\/uploads\/2017\/07\/LN_Asf_Ebern_11696-1200x1800.jpg 1200w, https:\/\/late-night.rocks\/wp-content\/uploads\/2017\/07\/LN_Asf_Ebern_11696.jpg 1280w\" sizes=\"auto, (max-width: 683px) 100vw, 683px\" \/><\/span><\/span><\/p>\n","protected":false},"excerpt":{"rendered":"<p>David musiziert seit seinem f\u00fcnften Lebensjahr. Erst kam das Klavier und drei Jahre darauf dann der Trompetenunterricht dazu. Erst sp\u00e4ter im jugendlichen<\/p>\n<p class=\"link-more\"><a class=\"myButt \" href=\"https:\/\/late-night.rocks\/?page_id=133\">Read More<\/a><\/p>\n","protected":false},"author":1,"featured_media":0,"parent":15,"menu_order":0,"comment_status":"closed","ping_status":"closed","template":"","meta":{"footnotes":""},"class_list":["post-133","page","type-page","status-publish","hentry"],"_links":{"self":[{"href":"https:\/\/late-night.rocks\/index.php?rest_route=\/wp\/v2\/pages\/133","targetHints":{"allow":["GET"]}}],"collection":[{"href":"https:\/\/late-night.rocks\/index.php?rest_route=\/wp\/v2\/pages"}],"about":[{"href":"https:\/\/late-night.rocks\/index.php?rest_route=\/wp\/v2\/types\/page"}],"author":[{"embeddable":true,"href":"https:\/\/late-night.rocks\/index.php?rest_route=\/wp\/v2\/users\/1"}],"replies":[{"embeddable":true,"href":"https:\/\/late-night.rocks\/index.php?rest_route=%2Fwp%2Fv2%2Fcomments&post=133"}],"version-history":[{"count":3,"href":"https:\/\/late-night.rocks\/index.php?rest_route=\/wp\/v2\/pages\/133\/revisions"}],"predecessor-version":[{"id":260,"href":"https:\/\/late-night.rocks\/index.php?rest_route=\/wp\/v2\/pages\/133\/revisions\/260"}],"up":[{"embeddable":true,"href":"https:\/\/late-night.rocks\/index.php?rest_route=\/wp\/v2\/pages\/15"}],"wp:attachment":[{"href":"https:\/\/late-night.rocks\/index.php?rest_route=%2Fwp%2Fv2%2Fmedia&parent=133"}],"curies":[{"name":"wp","href":"https:\/\/api.w.org\/{rel}","templated":true}]}}