{"id":108,"date":"2016-12-01T23:35:39","date_gmt":"2016-12-01T22:35:39","guid":{"rendered":"https:\/\/late-night.rocks\/?page_id=108"},"modified":"2017-08-24T11:32:41","modified_gmt":"2017-08-24T10:32:41","slug":"christian","status":"publish","type":"page","link":"https:\/\/late-night.rocks\/?page_id=108","title":{"rendered":"Christian"},"content":{"rendered":"<p><img loading=\"lazy\" decoding=\"async\" class=\"alignright wp-image-113 size-medium\" src=\"https:\/\/late-night.rocks\/wp-content\/uploads\/2016\/12\/christian-200x300.jpg\" alt=\"christian\" width=\"200\" height=\"300\" srcset=\"https:\/\/late-night.rocks\/wp-content\/uploads\/2016\/12\/christian-200x300.jpg 200w, https:\/\/late-night.rocks\/wp-content\/uploads\/2016\/12\/christian-683x1024.jpg 683w, https:\/\/late-night.rocks\/wp-content\/uploads\/2016\/12\/christian.jpg 720w\" sizes=\"auto, (max-width: 200px) 100vw, 200px\" \/>An der Gitarre, am Gesang und an der Komik: der Christian!<\/p>\n<p>Das Eberner Urgestein hat seinen Weg \u00fcber GHOSTBUSTERZ und die Basic Beats zu Late Night gefunden. Mit seiner angenehm rauen Stimme ist er eher f\u00fcr die tieferen und h\u00e4rteren Gesangsparts zust\u00e4ndig, wenn er nicht gerade mit einem Solo an der Gitarre besch\u00e4ftigt ist.<\/p>\n<p><img loading=\"lazy\" decoding=\"async\" class=\"alignleft size-medium wp-image-114\" src=\"https:\/\/late-night.rocks\/wp-content\/uploads\/2016\/12\/christian-1-154x300.jpg\" alt=\"christian\" width=\"154\" height=\"300\" srcset=\"https:\/\/late-night.rocks\/wp-content\/uploads\/2016\/12\/christian-1-154x300.jpg 154w, https:\/\/late-night.rocks\/wp-content\/uploads\/2016\/12\/christian-1.jpg 381w\" sizes=\"auto, (max-width: 154px) 100vw, 154px\" \/><\/p>\n<p>Er spielt eine Epiphone Les Paul \u00fcber ein Boss Me-70 Effektger\u00e4t. Au\u00dferdem nutzt er seine &#8222;l\u00e4rchengleiche Stimme&#8220; \u00a9 um das Publikum zu begeistern.<\/p>\n<p>Abgesehen von Late Night spielt er bei den Basic Beats und Fu\u00dfball beim ASC Eyrichshof. Au\u00dferdem ist er unser Karaoke-K\u00f6nig \ud83d\ude09<img loading=\"lazy\" decoding=\"async\" class=\"aligncenter size-large wp-image-278\" src=\"https:\/\/late-night.rocks\/wp-content\/uploads\/2017\/08\/ASF_Sesslach_10488-xx-683x1024.jpg\" alt=\"\" width=\"683\" height=\"1024\" srcset=\"https:\/\/late-night.rocks\/wp-content\/uploads\/2017\/08\/ASF_Sesslach_10488-xx-683x1024.jpg 683w, https:\/\/late-night.rocks\/wp-content\/uploads\/2017\/08\/ASF_Sesslach_10488-xx-200x300.jpg 200w, https:\/\/late-night.rocks\/wp-content\/uploads\/2017\/08\/ASF_Sesslach_10488-xx-768x1152.jpg 768w, https:\/\/late-night.rocks\/wp-content\/uploads\/2017\/08\/ASF_Sesslach_10488-xx-1200x1800.jpg 1200w, https:\/\/late-night.rocks\/wp-content\/uploads\/2017\/08\/ASF_Sesslach_10488-xx.jpg 1280w\" sizes=\"auto, (max-width: 683px) 100vw, 683px\" \/><img loading=\"lazy\" decoding=\"async\" class=\"aligncenter size-large wp-image-245\" src=\"https:\/\/late-night.rocks\/wp-content\/uploads\/2017\/07\/LN_Asf_Ebern_11888-1024x683.jpg\" alt=\"\" width=\"840\" height=\"560\" srcset=\"https:\/\/late-night.rocks\/wp-content\/uploads\/2017\/07\/LN_Asf_Ebern_11888-1024x683.jpg 1024w, https:\/\/late-night.rocks\/wp-content\/uploads\/2017\/07\/LN_Asf_Ebern_11888-300x200.jpg 300w, https:\/\/late-night.rocks\/wp-content\/uploads\/2017\/07\/LN_Asf_Ebern_11888-768x512.jpg 768w, https:\/\/late-night.rocks\/wp-content\/uploads\/2017\/07\/LN_Asf_Ebern_11888-1200x800.jpg 1200w, https:\/\/late-night.rocks\/wp-content\/uploads\/2017\/07\/LN_Asf_Ebern_11888.jpg 1920w\" sizes=\"auto, (max-width: 840px) 100vw, 840px\" \/><\/p>\n<p>&nbsp;<\/p>\n","protected":false},"excerpt":{"rendered":"<p>An der Gitarre, am Gesang und an der Komik: der Christian! Das Eberner Urgestein hat seinen Weg \u00fcber GHOSTBUSTERZ und die Basic<\/p>\n<p class=\"link-more\"><a class=\"myButt \" href=\"https:\/\/late-night.rocks\/?page_id=108\">Read More<\/a><\/p>\n","protected":false},"author":1,"featured_media":0,"parent":15,"menu_order":0,"comment_status":"closed","ping_status":"closed","template":"","meta":{"footnotes":""},"class_list":["post-108","page","type-page","status-publish","hentry"],"_links":{"self":[{"href":"https:\/\/late-night.rocks\/index.php?rest_route=\/wp\/v2\/pages\/108","targetHints":{"allow":["GET"]}}],"collection":[{"href":"https:\/\/late-night.rocks\/index.php?rest_route=\/wp\/v2\/pages"}],"about":[{"href":"https:\/\/late-night.rocks\/index.php?rest_route=\/wp\/v2\/types\/page"}],"author":[{"embeddable":true,"href":"https:\/\/late-night.rocks\/index.php?rest_route=\/wp\/v2\/users\/1"}],"replies":[{"embeddable":true,"href":"https:\/\/late-night.rocks\/index.php?rest_route=%2Fwp%2Fv2%2Fcomments&post=108"}],"version-history":[{"count":12,"href":"https:\/\/late-night.rocks\/index.php?rest_route=\/wp\/v2\/pages\/108\/revisions"}],"predecessor-version":[{"id":283,"href":"https:\/\/late-night.rocks\/index.php?rest_route=\/wp\/v2\/pages\/108\/revisions\/283"}],"up":[{"embeddable":true,"href":"https:\/\/late-night.rocks\/index.php?rest_route=\/wp\/v2\/pages\/15"}],"wp:attachment":[{"href":"https:\/\/late-night.rocks\/index.php?rest_route=%2Fwp%2Fv2%2Fmedia&parent=108"}],"curies":[{"name":"wp","href":"https:\/\/api.w.org\/{rel}","templated":true}]}}